{"id":40497,"date":"2015-09-22T11:59:01","date_gmt":"2015-09-22T06:29:01","guid":{"rendered":"https:\/\/camworks.com.de\/?page_id=40497"},"modified":"2022-06-29T18:40:37","modified_gmt":"2022-06-29T13:10:37","slug":"fraes-drehen","status":"publish","type":"page","link":"https:\/\/camworks.com\/de\/module\/fraes-drehen\/","title":{"rendered":"Fr\u00e4s-Drehen"},"content":{"rendered":"","protected":false},"excerpt":{"rendered":"","protected":false},"author":4608,"featured_media":0,"parent":40479,"menu_order":0,"comment_status":"closed","ping_status":"closed","template":"","meta":{"_acf_changed":false,"_bbp_topic_count":0,"_bbp_reply_count":0,"_bbp_total_topic_count":0,"_bbp_total_reply_count":0,"_bbp_voice_count":0,"_bbp_anonymous_reply_count":0,"_bbp_topic_count_hidden":0,"_bbp_reply_count_hidden":0,"_bbp_forum_subforum_count":0,"footnotes":""},"class_list":["post-40497","page","type-page","status-publish","hentry"],"acf":[],"yoast_head":"<!-- This site is optimized with the Yoast SEO plugin v26.3 - https:\/\/yoast.com\/wordpress\/plugins\/seo\/ -->\n<title>Fr\u00e4s-Drehen | CAMWorks-CNC-CAD\/CAM-Software<\/title>\n<meta name=\"description\" content=\"CAMWorks \u2013 Fr\u00e4s-Dreh-Bearbeitung (Live-C) Die vielseitigen Bearbeitungsfunktionen in CAMWorks Fr\u00e4s-Drehen umfassen Drehen und Fr\u00e4sen f\u00fcr Maschinen im Multi-Tasking-Bereich.\" \/>\n<meta name=\"robots\" content=\"index, follow, max-snippet:-1, max-image-preview:large, max-video-preview:-1\" \/>\n<link rel=\"canonical\" href=\"https:\/\/camworks.com\/de\/module\/fraes-drehen\/\" \/>\n<meta property=\"og:locale\" content=\"de_DE\" \/>\n<meta property=\"og:type\" content=\"article\" \/>\n<meta property=\"og:title\" content=\"Fr\u00e4s-Drehen | CAMWorks-CNC-CAD\/CAM-Software\" \/>\n<meta property=\"og:description\" content=\"CAMWorks \u2013 Fr\u00e4s-Dreh-Bearbeitung (Live-C) Die vielseitigen Bearbeitungsfunktionen in CAMWorks Fr\u00e4s-Drehen umfassen Drehen und Fr\u00e4sen f\u00fcr Maschinen im Multi-Tasking-Bereich.\" \/>\n<meta property=\"og:url\" content=\"https:\/\/camworks.com\/de\/module\/fraes-drehen\/\" \/>\n<meta property=\"og:site_name\" content=\"CAMWorks | CAD\/CAM-Software\" \/>\n<meta property=\"article:publisher\" content=\"https:\/\/www.facebook.com\/CAMWorksCNCSoftware\" \/>\n<meta property=\"article:modified_time\" content=\"2022-06-29T13:10:37+00:00\" \/>\n<meta property=\"og:image\" content=\"https:\/\/cdn.camworks.com\/wp-content\/uploads\/CW-logo-2.jpg\" \/>\n\t<meta property=\"og:image:width\" content=\"651\" \/>\n\t<meta property=\"og:image:height\" content=\"360\" \/>\n\t<meta property=\"og:image:type\" content=\"image\/jpeg\" \/>\n<meta name=\"twitter:card\" content=\"summary_large_image\" \/>\n<meta name=\"twitter:site\" content=\"@follow_camworks\" \/>\n<script type=\"application\/ld+json\" class=\"yoast-schema-graph\">{\"@context\":\"https:\/\/schema.org\",\"@graph\":[{\"@type\":\"WebPage\",\"@id\":\"https:\/\/camworks.com\/de\/module\/fraes-drehen\/\",\"url\":\"https:\/\/camworks.com\/de\/module\/fraes-drehen\/\",\"name\":\"Fr\u00e4s-Drehen | CAMWorks-CNC-CAD\/CAM-Software\",\"isPartOf\":{\"@id\":\"https:\/\/camworks.com\/#website\"},\"datePublished\":\"2015-09-22T06:29:01+00:00\",\"dateModified\":\"2022-06-29T13:10:37+00:00\",\"description\":\"CAMWorks \u2013 Fr\u00e4s-Dreh-Bearbeitung (Live-C) Die vielseitigen Bearbeitungsfunktionen in CAMWorks Fr\u00e4s-Drehen umfassen Drehen und Fr\u00e4sen f\u00fcr Maschinen im Multi-Tasking-Bereich.\",\"breadcrumb\":{\"@id\":\"https:\/\/camworks.com\/de\/module\/fraes-drehen\/#breadcrumb\"},\"inLanguage\":\"de\",\"potentialAction\":[{\"@type\":\"ReadAction\",\"target\":[\"https:\/\/camworks.com\/de\/module\/fraes-drehen\/\"]}]},{\"@type\":\"BreadcrumbList\",\"@id\":\"https:\/\/camworks.com\/de\/module\/fraes-drehen\/#breadcrumb\",\"itemListElement\":[{\"@type\":\"ListItem\",\"position\":1,\"name\":\"Home\",\"item\":\"https:\/\/camworks.com\/de\/\"},{\"@type\":\"ListItem\",\"position\":2,\"name\":\"Module\",\"item\":\"https:\/\/camworks.com\/de\/module\/\"},{\"@type\":\"ListItem\",\"position\":3,\"name\":\"Fr\u00e4s-Drehen\"}]},{\"@type\":\"WebSite\",\"@id\":\"https:\/\/camworks.com\/#website\",\"url\":\"https:\/\/camworks.com\/\",\"name\":\"CAMWorks | CAD\/CAM-Software\",\"description\":\"\",\"publisher\":{\"@id\":\"https:\/\/camworks.com\/#organization\"},\"potentialAction\":[{\"@type\":\"SearchAction\",\"target\":{\"@type\":\"EntryPoint\",\"urlTemplate\":\"https:\/\/camworks.com\/?s={search_term_string}\"},\"query-input\":{\"@type\":\"PropertyValueSpecification\",\"valueRequired\":true,\"valueName\":\"search_term_string\"}}],\"inLanguage\":\"de\"},{\"@type\":\"Organization\",\"@id\":\"https:\/\/camworks.com\/#organization\",\"name\":\"HCL CAMWorks\",\"url\":\"https:\/\/camworks.com\/\",\"logo\":{\"@type\":\"ImageObject\",\"inLanguage\":\"de\",\"@id\":\"https:\/\/camworks.com\/#\/schema\/logo\/image\/\",\"url\":\"https:\/\/cdn.camworks.com\/wp-content\/uploads\/CW-logo-2.jpg\",\"contentUrl\":\"https:\/\/cdn.camworks.com\/wp-content\/uploads\/CW-logo-2.jpg\",\"width\":651,\"height\":360,\"caption\":\"HCL CAMWorks\"},\"image\":{\"@id\":\"https:\/\/camworks.com\/#\/schema\/logo\/image\/\"},\"sameAs\":[\"https:\/\/www.facebook.com\/CAMWorksCNCSoftware\",\"https:\/\/x.com\/follow_camworks\",\"https:\/\/www.linkedin.com\/company\/camworks\",\"https:\/\/www.youtube.com\/camworkstube\"]}]}<\/script>\n<!-- \/ Yoast SEO plugin. -->","yoast_head_json":{"title":"Fr\u00e4s-Drehen | CAMWorks-CNC-CAD\/CAM-Software","description":"CAMWorks \u2013 Fr\u00e4s-Dreh-Bearbeitung (Live-C) Die vielseitigen Bearbeitungsfunktionen in CAMWorks Fr\u00e4s-Drehen umfassen Drehen und Fr\u00e4sen f\u00fcr Maschinen im Multi-Tasking-Bereich.","robots":{"index":"index","follow":"follow","max-snippet":"max-snippet:-1","max-image-preview":"max-image-preview:large","max-video-preview":"max-video-preview:-1"},"canonical":"https:\/\/camworks.com\/de\/module\/fraes-drehen\/","og_locale":"de_DE","og_type":"article","og_title":"Fr\u00e4s-Drehen | CAMWorks-CNC-CAD\/CAM-Software","og_description":"CAMWorks \u2013 Fr\u00e4s-Dreh-Bearbeitung (Live-C) Die vielseitigen Bearbeitungsfunktionen in CAMWorks Fr\u00e4s-Drehen umfassen Drehen und Fr\u00e4sen f\u00fcr Maschinen im Multi-Tasking-Bereich.","og_url":"https:\/\/camworks.com\/de\/module\/fraes-drehen\/","og_site_name":"CAMWorks | CAD\/CAM-Software","article_publisher":"https:\/\/www.facebook.com\/CAMWorksCNCSoftware","article_modified_time":"2022-06-29T13:10:37+00:00","og_image":[{"width":651,"height":360,"url":"https:\/\/cdn.camworks.com\/wp-content\/uploads\/CW-logo-2.jpg","type":"image\/jpeg"}],"twitter_card":"summary_large_image","twitter_site":"@follow_camworks","schema":{"@context":"https:\/\/schema.org","@graph":[{"@type":"WebPage","@id":"https:\/\/camworks.com\/de\/module\/fraes-drehen\/","url":"https:\/\/camworks.com\/de\/module\/fraes-drehen\/","name":"Fr\u00e4s-Drehen | CAMWorks-CNC-CAD\/CAM-Software","isPartOf":{"@id":"https:\/\/camworks.com\/#website"},"datePublished":"2015-09-22T06:29:01+00:00","dateModified":"2022-06-29T13:10:37+00:00","description":"CAMWorks \u2013 Fr\u00e4s-Dreh-Bearbeitung (Live-C) Die vielseitigen Bearbeitungsfunktionen in CAMWorks Fr\u00e4s-Drehen umfassen Drehen und Fr\u00e4sen f\u00fcr Maschinen im Multi-Tasking-Bereich.","breadcrumb":{"@id":"https:\/\/camworks.com\/de\/module\/fraes-drehen\/#breadcrumb"},"inLanguage":"de","potentialAction":[{"@type":"ReadAction","target":["https:\/\/camworks.com\/de\/module\/fraes-drehen\/"]}]},{"@type":"BreadcrumbList","@id":"https:\/\/camworks.com\/de\/module\/fraes-drehen\/#breadcrumb","itemListElement":[{"@type":"ListItem","position":1,"name":"Home","item":"https:\/\/camworks.com\/de\/"},{"@type":"ListItem","position":2,"name":"Module","item":"https:\/\/camworks.com\/de\/module\/"},{"@type":"ListItem","position":3,"name":"Fr\u00e4s-Drehen"}]},{"@type":"WebSite","@id":"https:\/\/camworks.com\/#website","url":"https:\/\/camworks.com\/","name":"CAMWorks | CAD\/CAM-Software","description":"","publisher":{"@id":"https:\/\/camworks.com\/#organization"},"potentialAction":[{"@type":"SearchAction","target":{"@type":"EntryPoint","urlTemplate":"https:\/\/camworks.com\/?s={search_term_string}"},"query-input":{"@type":"PropertyValueSpecification","valueRequired":true,"valueName":"search_term_string"}}],"inLanguage":"de"},{"@type":"Organization","@id":"https:\/\/camworks.com\/#organization","name":"HCL CAMWorks","url":"https:\/\/camworks.com\/","logo":{"@type":"ImageObject","inLanguage":"de","@id":"https:\/\/camworks.com\/#\/schema\/logo\/image\/","url":"https:\/\/cdn.camworks.com\/wp-content\/uploads\/CW-logo-2.jpg","contentUrl":"https:\/\/cdn.camworks.com\/wp-content\/uploads\/CW-logo-2.jpg","width":651,"height":360,"caption":"HCL CAMWorks"},"image":{"@id":"https:\/\/camworks.com\/#\/schema\/logo\/image\/"},"sameAs":["https:\/\/www.facebook.com\/CAMWorksCNCSoftware","https:\/\/x.com\/follow_camworks","https:\/\/www.linkedin.com\/company\/camworks","https:\/\/www.youtube.com\/camworkstube"]}]}},"_links":{"self":[{"href":"https:\/\/camworks.com\/de\/wp-json\/wp\/v2\/pages\/40497","targetHints":{"allow":["GET"]}}],"collection":[{"href":"https:\/\/camworks.com\/de\/wp-json\/wp\/v2\/pages"}],"about":[{"href":"https:\/\/camworks.com\/de\/wp-json\/wp\/v2\/types\/page"}],"author":[{"embeddable":true,"href":"https:\/\/camworks.com\/de\/wp-json\/wp\/v2\/users\/4608"}],"replies":[{"embeddable":true,"href":"https:\/\/camworks.com\/de\/wp-json\/wp\/v2\/comments?post=40497"}],"version-history":[{"count":1,"href":"https:\/\/camworks.com\/de\/wp-json\/wp\/v2\/pages\/40497\/revisions"}],"predecessor-version":[{"id":40499,"href":"https:\/\/camworks.com\/de\/wp-json\/wp\/v2\/pages\/40497\/revisions\/40499"}],"up":[{"embeddable":true,"href":"https:\/\/camworks.com\/de\/wp-json\/wp\/v2\/pages\/40479"}],"wp:attachment":[{"href":"https:\/\/camworks.com\/de\/wp-json\/wp\/v2\/media?parent=40497"}],"curies":[{"name":"wp","href":"https:\/\/api.w.org\/{rel}","templated":true}]}}